{"id":31,"date":"2025-03-09T00:08:44","date_gmt":"2025-03-09T00:08:44","guid":{"rendered":"https:\/\/jmfloor.com\/?page_id=31"},"modified":"2025-04-02T07:08:09","modified_gmt":"2025-04-02T07:08:09","slug":"cleaning","status":"publish","type":"page","link":"https:\/\/jmfloor.com\/es\/cleaning\/","title":{"rendered":"Limpieza"},"content":{"rendered":"<div data-elementor-type=\"wp-page\" data-elementor-id=\"31\" class=\"elementor elementor-31\" data-elementor-post-type=\"page\">\n\t\t\t\t\t\t<section class=\"elementor-section elementor-top-section elementor-element elementor-element-21565c6 elementor-section-height-min-height elementor-section-boxed elementor-section-height-default elementor-section-items-middle\" data-id=\"21565c6\" data-element_type=\"section\" data-settings=\"{&quot;background_background&quot;:&quot;classic&quot;}\">\n\t\t\t\t\t\t\t<div class=\"elementor-background-overlay\"><\/div>\n\t\t\t\t\t\t\t<div class=\"elementor-container elementor-column-gap-default\">\n\t\t\t\t\t<div class=\"elementor-column elementor-col-50 elementor-top-column elementor-element elementor-element-4641be3\" data-id=\"4641be3\" data-element_type=\"column\">\n\t\t\t<div class=\"elementor-widget-wrap\">\n\t\t\t\t\t\t\t<\/div>\n\t\t<\/div>\n\t\t\t\t<div class=\"elementor-column elementor-col-50 elementor-top-column elementor-element elementor-element-24d5da8\" data-id=\"24d5da8\" data-element_type=\"column\">\n\t\t\t<div class=\"elementor-widget-wrap elementor-element-populated\">\n\t\t\t\t\t\t<div class=\"elementor-element elementor-element-bd1653b elementor-widget elementor-widget-html\" data-id=\"bd1653b\" data-element_type=\"widget\" data-widget_type=\"html.default\">\n\t\t\t\t<div class=\"elementor-widget-container\">\n\t\t\t\t\t<meta name=\"description\" content=\"Professional carpet & floor cleaning in Madera & Fresno. Deep steam cleaning, stain removal, and tile & grout cleaning for homes & businesses. Get a free estimate!\">\t\t\t\t<\/div>\n\t\t\t\t<\/div>\n\t\t\t\t<div class=\"elementor-element elementor-element-1b2b3f0 elementor-widget elementor-widget-heading\" data-id=\"1b2b3f0\" data-element_type=\"widget\" data-widget_type=\"heading.default\">\n\t\t\t\t<div class=\"elementor-widget-container\">\n\t\t\t\t\t<h1 class=\"elementor-heading-title elementor-size-default translation-block\">Limpieza Experta de Alfombras y Pisos en Madera y Fresno<\/h1>\t\t\t\t<\/div>\n\t\t\t\t<\/div>\n\t\t\t\t<div class=\"elementor-element elementor-element-8c150c5 elementor-widget elementor-widget-text-editor\" data-id=\"8c150c5\" data-element_type=\"widget\" data-widget_type=\"text-editor.default\">\n\t\t\t\t<div class=\"elementor-widget-container\">\n\t\t\t\t\t\t\t\t\t<p data-start=\"124\" data-end=\"379\">Restaura la belleza de tus alfombras y pisos duros con servicios expertos de limpieza en Madera y Fresno.\nJ&amp;M Floor Covering utiliza t\u00e9cnicas avanzadas de limpieza a vapor, eliminaci\u00f3n de manchas y limpieza profunda para eliminar la suciedad, los al\u00e9rgenos y los olores, dejando tus pisos frescos e impecables.<\/p>\t\t\t\t\t\t\t\t<\/div>\n\t\t\t\t<\/div>\n\t\t\t\t<div class=\"elementor-element elementor-element-1120eb0 elementor-align-center elementor-widget elementor-widget-button\" data-id=\"1120eb0\" data-element_type=\"widget\" data-widget_type=\"button.default\">\n\t\t\t\t<div class=\"elementor-widget-container\">\n\t\t\t\t\t\t\t\t\t<div class=\"elementor-button-wrapper\">\n\t\t\t\t\t<a class=\"elementor-button elementor-button-link elementor-size-sm elementor-animation-shrink\" href=\"https:\/\/jmfloor.com\/es\/request-estimate\/\">\n\t\t\t\t\t\t<span class=\"elementor-button-content-wrapper\">\n\t\t\t\t\t\t<span class=\"elementor-button-icon\">\n\t\t\t\t<i aria-hidden=\"true\" class=\"fas fa-arrow-right\"><\/i>\t\t\t<\/span>\n\t\t\t\t\t\t\t\t\t<span class=\"elementor-button-text\">Solicitar Cotizaci\u00f3n<\/span>\n\t\t\t\t\t<\/span>\n\t\t\t\t\t<\/a>\n\t\t\t\t<\/div>\n\t\t\t\t\t\t\t\t<\/div>\n\t\t\t\t<\/div>\n\t\t\t\t\t<\/div>\n\t\t<\/div>\n\t\t\t\t\t<\/div>\n\t\t<\/section>\n\t\t\t\t<section class=\"elementor-section elementor-top-section elementor-element elementor-element-9d2bdad elementor-reverse-mobile elementor-section-boxed elementor-section-height-default elementor-section-height-default\" data-id=\"9d2bdad\" data-element_type=\"section\" data-settings=\"{&quot;background_background&quot;:&quot;classic&quot;}\">\n\t\t\t\t\t\t\t<div class=\"elementor-background-overlay\"><\/div>\n\t\t\t\t\t\t\t<div class=\"elementor-container elementor-column-gap-default\">\n\t\t\t\t\t<div class=\"elementor-column elementor-col-50 elementor-top-column elementor-element elementor-element-1f431c7\" data-id=\"1f431c7\" data-element_type=\"column\">\n\t\t\t<div class=\"elementor-widget-wrap elementor-element-populated\">\n\t\t\t\t\t\t<div class=\"elementor-element elementor-element-89b8eda elementor-widget elementor-widget-heading\" data-id=\"89b8eda\" data-element_type=\"widget\" data-widget_type=\"heading.default\">\n\t\t\t\t<div class=\"elementor-widget-container\">\n\t\t\t\t\t<h2 class=\"elementor-heading-title elementor-size-default\">Limpieza Profunda de Alfombras, Loseta y Pisos Duros<\/h2>\t\t\t\t<\/div>\n\t\t\t\t<\/div>\n\t\t\t\t<div class=\"elementor-element elementor-element-8c46043 elementor-widget elementor-widget-text-editor\" data-id=\"8c46043\" data-element_type=\"widget\" data-widget_type=\"text-editor.default\">\n\t\t\t\t<div class=\"elementor-widget-container\">\n\t\t\t\t\t\t\t\t\t<p data-start=\"145\" data-end=\"409\">Ofrecemos servicios profesionales de limpieza de alfombras y pisos para eliminar suciedad, manchas y al\u00e9rgenos, restaurando la belleza de tu hogar o negocio. Nuestras soluciones expertas de limpieza garantizan resultados frescos y duraderos con t\u00e9cnicas avanzadas para todo tipo de pisos.<\/p>\t\t\t\t\t\t\t\t<\/div>\n\t\t\t\t<\/div>\n\t\t\t\t<div class=\"elementor-element elementor-element-a794ab4 elementor-align-center elementor-icon-list--layout-traditional elementor-list-item-link-full_width elementor-widget elementor-widget-icon-list\" data-id=\"a794ab4\" data-element_type=\"widget\" data-widget_type=\"icon-list.default\">\n\t\t\t\t<div class=\"elementor-widget-container\">\n\t\t\t\t\t\t\t<ul class=\"elementor-icon-list-items\">\n\t\t\t\t\t\t\t<li class=\"elementor-icon-list-item\">\n\t\t\t\t\t\t\t\t\t\t\t<span class=\"elementor-icon-list-icon\">\n\t\t\t\t\t\t\t<i aria-hidden=\"true\" class=\"fas fa-circle\"><\/i>\t\t\t\t\t\t<\/span>\n\t\t\t\t\t\t\t\t\t\t<span class=\"elementor-icon-list-text\">Limpieza de Alfombras con Vapor \u2013 Elimina manchas profundas, olores y al\u00e9rgenos<\/span>\n\t\t\t\t\t\t\t\t\t<\/li>\n\t\t\t\t\t\t\t\t<li class=\"elementor-icon-list-item\">\n\t\t\t\t\t\t\t\t\t\t\t<span class=\"elementor-icon-list-icon\">\n\t\t\t\t\t\t\t<i aria-hidden=\"true\" class=\"fas fa-circle\"><\/i>\t\t\t\t\t\t<\/span>\n\t\t\t\t\t\t\t\t\t\t<span class=\"elementor-icon-list-text\">Limpieza de Loseta y Lechada \u2013 Elimina la acumulaci\u00f3n de suciedad para una apariencia fresca y limpia<\/span>\n\t\t\t\t\t\t\t\t\t<\/li>\n\t\t\t\t\t\t\t\t<li class=\"elementor-icon-list-item\">\n\t\t\t\t\t\t\t\t\t\t\t<span class=\"elementor-icon-list-icon\">\n\t\t\t\t\t\t\t<i aria-hidden=\"true\" class=\"fas fa-circle\"><\/i>\t\t\t\t\t\t<\/span>\n\t\t\t\t\t\t\t\t\t\t<span class=\"elementor-icon-list-text\">Limpieza de Superficies Duras \u2013 Limpieza profunda de pisos de vinilo, madera y laminado<\/span>\n\t\t\t\t\t\t\t\t\t<\/li>\n\t\t\t\t\t\t\t\t<li class=\"elementor-icon-list-item\">\n\t\t\t\t\t\t\t\t\t\t\t<span class=\"elementor-icon-list-icon\">\n\t\t\t\t\t\t\t<i aria-hidden=\"true\" class=\"fas fa-circle\"><\/i>\t\t\t\t\t\t<\/span>\n\t\t\t\t\t\t\t\t\t\t<span class=\"elementor-icon-list-text\">Eliminaci\u00f3n de Olores y Manchas de Mascotas \u2013 Tratamientos especializados para remover desechos relacionados con mascotas<\/span>\n\t\t\t\t\t\t\t\t\t<\/li>\n\t\t\t\t\t\t<\/ul>\n\t\t\t\t\t\t<\/div>\n\t\t\t\t<\/div>\n\t\t\t\t<div class=\"elementor-element elementor-element-b879fd2 elementor-align-center elementor-widget elementor-widget-button\" data-id=\"b879fd2\" data-element_type=\"widget\" data-widget_type=\"button.default\">\n\t\t\t\t<div class=\"elementor-widget-container\">\n\t\t\t\t\t\t\t\t\t<div class=\"elementor-button-wrapper\">\n\t\t\t\t\t<a class=\"elementor-button elementor-button-link elementor-size-sm elementor-animation-shrink\" href=\"https:\/\/jmfloor.com\/es\/request-estimate\/\">\n\t\t\t\t\t\t<span class=\"elementor-button-content-wrapper\">\n\t\t\t\t\t\t<span class=\"elementor-button-icon\">\n\t\t\t\t<i aria-hidden=\"true\" class=\"fas fa-arrow-right\"><\/i>\t\t\t<\/span>\n\t\t\t\t\t\t\t\t\t<span class=\"elementor-button-text\">Solicitar Cotizaci\u00f3n<\/span>\n\t\t\t\t\t<\/span>\n\t\t\t\t\t<\/a>\n\t\t\t\t<\/div>\n\t\t\t\t\t\t\t\t<\/div>\n\t\t\t\t<\/div>\n\t\t\t\t\t<\/div>\n\t\t<\/div>\n\t\t\t\t<div class=\"elementor-column elementor-col-50 elementor-top-column elementor-element elementor-element-653e522\" data-id=\"653e522\" data-element_type=\"column\">\n\t\t\t<div class=\"elementor-widget-wrap elementor-element-populated\">\n\t\t\t\t\t\t<div class=\"elementor-element elementor-element-4460b17 elementor-widget elementor-widget-image\" data-id=\"4460b17\" data-element_type=\"widget\" data-widget_type=\"image.default\">\n\t\t\t\t<div class=\"elementor-widget-container\">\n\t\t\t\t\t\t\t\t\t\t\t\t\t\t\t\t<a href=\"https:\/\/jmfloor.com\/es\/flooring\/\">\n\t\t\t\t\t\t\t<img fetchpriority=\"high\" decoding=\"async\" width=\"1920\" height=\"1080\" src=\"https:\/\/jmfloor.com\/wp-content\/uploads\/2025\/03\/JM-Floor-Covering-Painting-Carpet-Cleaning-Madera-CA-Fresno-CA-Carpet-Cleaning-1.jpg\" class=\"attachment-full size-full wp-image-176\" alt=\"J&amp;M Floor Covering, Painting, &amp; Carpet Cleaning Madera CA Fresno CA Carpet Cleaning 1\" srcset=\"https:\/\/jmfloor.com\/wp-content\/uploads\/2025\/03\/JM-Floor-Covering-Painting-Carpet-Cleaning-Madera-CA-Fresno-CA-Carpet-Cleaning-1.jpg 1920w, https:\/\/jmfloor.com\/wp-content\/uploads\/2025\/03\/JM-Floor-Covering-Painting-Carpet-Cleaning-Madera-CA-Fresno-CA-Carpet-Cleaning-1-300x169.jpg 300w, https:\/\/jmfloor.com\/wp-content\/uploads\/2025\/03\/JM-Floor-Covering-Painting-Carpet-Cleaning-Madera-CA-Fresno-CA-Carpet-Cleaning-1-1024x576.jpg 1024w, https:\/\/jmfloor.com\/wp-content\/uploads\/2025\/03\/JM-Floor-Covering-Painting-Carpet-Cleaning-Madera-CA-Fresno-CA-Carpet-Cleaning-1-768x432.jpg 768w, https:\/\/jmfloor.com\/wp-content\/uploads\/2025\/03\/JM-Floor-Covering-Painting-Carpet-Cleaning-Madera-CA-Fresno-CA-Carpet-Cleaning-1-1536x864.jpg 1536w\" sizes=\"100vw\" \/>\t\t\t\t\t\t\t\t<\/a>\n\t\t\t\t\t\t\t\t\t\t\t\t\t\t\t<\/div>\n\t\t\t\t<\/div>\n\t\t\t\t\t<\/div>\n\t\t<\/div>\n\t\t\t\t\t<\/div>\n\t\t<\/section>\n\t\t\t\t<section class=\"elementor-section elementor-top-section elementor-element elementor-element-f6eb80b elementor-section-boxed elementor-section-height-default elementor-section-height-default\" data-id=\"f6eb80b\" data-element_type=\"section\" data-settings=\"{&quot;background_background&quot;:&quot;classic&quot;}\">\n\t\t\t\t\t\t\t<div class=\"elementor-background-overlay\"><\/div>\n\t\t\t\t\t\t\t<div class=\"elementor-container elementor-column-gap-default\">\n\t\t\t\t\t<div class=\"elementor-column elementor-col-50 elementor-top-column elementor-element elementor-element-e665706\" data-id=\"e665706\" data-element_type=\"column\">\n\t\t\t<div class=\"elementor-widget-wrap elementor-element-populated\">\n\t\t\t\t\t\t<div class=\"elementor-element elementor-element-54a8f8b elementor-widget elementor-widget-image\" data-id=\"54a8f8b\" data-element_type=\"widget\" data-widget_type=\"image.default\">\n\t\t\t\t<div class=\"elementor-widget-container\">\n\t\t\t\t\t\t\t\t\t\t\t\t\t\t\t\t<a href=\"https:\/\/jmfloor.com\/es\/flooring\/\">\n\t\t\t\t\t\t\t<img decoding=\"async\" width=\"1920\" height=\"1080\" src=\"https:\/\/jmfloor.com\/wp-content\/uploads\/2025\/03\/JM-Floor-Covering-Painting-Carpet-Cleaning-Madera-CA-Fresno-CA-Carpet-3.jpg\" class=\"attachment-full size-full wp-image-742\" alt=\"J&amp;M Floor Covering, Painting, &amp; Carpet Cleaning Madera CA Fresno CA Carpet 3\" srcset=\"https:\/\/jmfloor.com\/wp-content\/uploads\/2025\/03\/JM-Floor-Covering-Painting-Carpet-Cleaning-Madera-CA-Fresno-CA-Carpet-3.jpg 1920w, https:\/\/jmfloor.com\/wp-content\/uploads\/2025\/03\/JM-Floor-Covering-Painting-Carpet-Cleaning-Madera-CA-Fresno-CA-Carpet-3-300x169.jpg 300w, https:\/\/jmfloor.com\/wp-content\/uploads\/2025\/03\/JM-Floor-Covering-Painting-Carpet-Cleaning-Madera-CA-Fresno-CA-Carpet-3-1024x576.jpg 1024w, https:\/\/jmfloor.com\/wp-content\/uploads\/2025\/03\/JM-Floor-Covering-Painting-Carpet-Cleaning-Madera-CA-Fresno-CA-Carpet-3-768x432.jpg 768w, https:\/\/jmfloor.com\/wp-content\/uploads\/2025\/03\/JM-Floor-Covering-Painting-Carpet-Cleaning-Madera-CA-Fresno-CA-Carpet-3-1536x864.jpg 1536w\" sizes=\"100vw\" \/>\t\t\t\t\t\t\t\t<\/a>\n\t\t\t\t\t\t\t\t\t\t\t\t\t\t\t<\/div>\n\t\t\t\t<\/div>\n\t\t\t\t\t<\/div>\n\t\t<\/div>\n\t\t\t\t<div class=\"elementor-column elementor-col-50 elementor-top-column elementor-element elementor-element-6a18c05\" data-id=\"6a18c05\" data-element_type=\"column\">\n\t\t\t<div class=\"elementor-widget-wrap elementor-element-populated\">\n\t\t\t\t\t\t<div class=\"elementor-element elementor-element-91de6e1 elementor-widget elementor-widget-heading\" data-id=\"91de6e1\" data-element_type=\"widget\" data-widget_type=\"heading.default\">\n\t\t\t\t<div class=\"elementor-widget-container\">\n\t\t\t\t\t<h2 class=\"elementor-heading-title elementor-size-default\">Expertos de Limpieza de Confianza en Madera y Fresno<\/h2>\t\t\t\t<\/div>\n\t\t\t\t<\/div>\n\t\t\t\t<div class=\"elementor-element elementor-element-af98d4a elementor-widget elementor-widget-text-editor\" data-id=\"af98d4a\" data-element_type=\"widget\" data-widget_type=\"text-editor.default\">\n\t\t\t\t<div class=\"elementor-widget-container\">\n\t\t\t\t\t\t\t\t\t<p data-start=\"949\" data-end=\"1196\">J&amp;M Floor Covering ofrece servicios de limpieza de alfombras y pisos de alta calidad, con cuidado experto y atenci\u00f3n al detalle. Usamos equipos de nivel profesional y soluciones de limpieza ecol\u00f3gicas para que tus pisos luzcan y se sientan como nuevos.<\/p>\t\t\t\t\t\t\t\t<\/div>\n\t\t\t\t<\/div>\n\t\t\t\t<div class=\"elementor-element elementor-element-3f21360 elementor-align-center elementor-icon-list--layout-traditional elementor-list-item-link-full_width elementor-widget elementor-widget-icon-list\" data-id=\"3f21360\" data-element_type=\"widget\" data-widget_type=\"icon-list.default\">\n\t\t\t\t<div class=\"elementor-widget-container\">\n\t\t\t\t\t\t\t<ul class=\"elementor-icon-list-items\">\n\t\t\t\t\t\t\t<li class=\"elementor-icon-list-item\">\n\t\t\t\t\t\t\t\t\t\t\t<span class=\"elementor-icon-list-icon\">\n\t\t\t\t\t\t\t<i aria-hidden=\"true\" class=\"fas fa-circle\"><\/i>\t\t\t\t\t\t<\/span>\n\t\t\t\t\t\t\t\t\t\t<span class=\"elementor-icon-list-text\">T\u00e9cnicas de limpieza avanzadas para todo tipo de pisos<\/span>\n\t\t\t\t\t\t\t\t\t<\/li>\n\t\t\t\t\t\t\t\t<li class=\"elementor-icon-list-item\">\n\t\t\t\t\t\t\t\t\t\t\t<span class=\"elementor-icon-list-icon\">\n\t\t\t\t\t\t\t<i aria-hidden=\"true\" class=\"fas fa-circle\"><\/i>\t\t\t\t\t\t<\/span>\n\t\t\t\t\t\t\t\t\t\t<span class=\"elementor-icon-list-text\">Soluciones de limpieza seguras y ecol\u00f3gicas<\/span>\n\t\t\t\t\t\t\t\t\t<\/li>\n\t\t\t\t\t\t\t\t<li class=\"elementor-icon-list-item\">\n\t\t\t\t\t\t\t\t\t\t\t<span class=\"elementor-icon-list-icon\">\n\t\t\t\t\t\t\t<i aria-hidden=\"true\" class=\"fas fa-circle\"><\/i>\t\t\t\t\t\t<\/span>\n\t\t\t\t\t\t\t\t\t\t<span class=\"elementor-icon-list-text\">Profesionales con experiencia y atenci\u00f3n al detalle<\/span>\n\t\t\t\t\t\t\t\t\t<\/li>\n\t\t\t\t\t\t\t\t<li class=\"elementor-icon-list-item\">\n\t\t\t\t\t\t\t\t\t\t\t<span class=\"elementor-icon-list-icon\">\n\t\t\t\t\t\t\t<i aria-hidden=\"true\" class=\"fas fa-circle\"><\/i>\t\t\t\t\t\t<\/span>\n\t\t\t\t\t\t\t\t\t\t<span class=\"elementor-icon-list-text\">Precios competitivos y cotizaciones gratuitas<\/span>\n\t\t\t\t\t\t\t\t\t<\/li>\n\t\t\t\t\t\t\t\t<li class=\"elementor-icon-list-item\">\n\t\t\t\t\t\t\t\t\t\t\t<span class=\"elementor-icon-list-icon\">\n\t\t\t\t\t\t\t<i aria-hidden=\"true\" class=\"fas fa-circle\"><\/i>\t\t\t\t\t\t<\/span>\n\t\t\t\t\t\t\t\t\t\t<span class=\"elementor-icon-list-text\">Atendiendo Madera, Fresno y \u00e1reas cercanas<\/span>\n\t\t\t\t\t\t\t\t\t<\/li>\n\t\t\t\t\t\t<\/ul>\n\t\t\t\t\t\t<\/div>\n\t\t\t\t<\/div>\n\t\t\t\t<div class=\"elementor-element elementor-element-eb3126f elementor-align-center elementor-widget elementor-widget-button\" data-id=\"eb3126f\" data-element_type=\"widget\" data-widget_type=\"button.default\">\n\t\t\t\t<div class=\"elementor-widget-container\">\n\t\t\t\t\t\t\t\t\t<div class=\"elementor-button-wrapper\">\n\t\t\t\t\t<a class=\"elementor-button elementor-button-link elementor-size-sm elementor-animation-shrink\" href=\"https:\/\/jmfloor.com\/es\/request-estimate\/\">\n\t\t\t\t\t\t<span class=\"elementor-button-content-wrapper\">\n\t\t\t\t\t\t<span class=\"elementor-button-icon\">\n\t\t\t\t<i aria-hidden=\"true\" class=\"fas fa-arrow-right\"><\/i>\t\t\t<\/span>\n\t\t\t\t\t\t\t\t\t<span class=\"elementor-button-text\">Solicitar Cotizaci\u00f3n<\/span>\n\t\t\t\t\t<\/span>\n\t\t\t\t\t<\/a>\n\t\t\t\t<\/div>\n\t\t\t\t\t\t\t\t<\/div>\n\t\t\t\t<\/div>\n\t\t\t\t\t<\/div>\n\t\t<\/div>\n\t\t\t\t\t<\/div>\n\t\t<\/section>\n\t\t\t\t<\/div>","protected":false},"excerpt":{"rendered":"<p>Expert Carpet &#038; Floor Cleaning in Madera &#038; Fresno Restore the beauty of your carpets and hard floors with expert carpet cleaning and floor cleaning services in Madera and Fresno. J&amp;M Floor Covering uses advanced steam cleaning, stain removal, and deep-cleaning techniques to eliminate dirt, allergens, and odors, leaving your floors fresh and spotless. Request &hellip; <\/p>\n<p class=\"link-more\"><a href=\"https:\/\/jmfloor.com\/es\/cleaning\/\" class=\"more-link\">Continuar leyendo<span class=\"screen-reader-text\"> &#8220;Cleaning&#8221;<\/span><\/a><\/p>","protected":false},"author":1,"featured_media":0,"parent":0,"menu_order":0,"comment_status":"closed","ping_status":"closed","template":"elementor_header_footer","meta":{"footnotes":""},"class_list":["post-31","page","type-page","status-publish","hentry"],"_links":{"self":[{"href":"https:\/\/jmfloor.com\/es\/wp-json\/wp\/v2\/pages\/31","targetHints":{"allow":["GET"]}}],"collection":[{"href":"https:\/\/jmfloor.com\/es\/wp-json\/wp\/v2\/pages"}],"about":[{"href":"https:\/\/jmfloor.com\/es\/wp-json\/wp\/v2\/types\/page"}],"author":[{"embeddable":true,"href":"https:\/\/jmfloor.com\/es\/wp-json\/wp\/v2\/users\/1"}],"replies":[{"embeddable":true,"href":"https:\/\/jmfloor.com\/es\/wp-json\/wp\/v2\/comments?post=31"}],"version-history":[{"count":22,"href":"https:\/\/jmfloor.com\/es\/wp-json\/wp\/v2\/pages\/31\/revisions"}],"predecessor-version":[{"id":852,"href":"https:\/\/jmfloor.com\/es\/wp-json\/wp\/v2\/pages\/31\/revisions\/852"}],"wp:attachment":[{"href":"https:\/\/jmfloor.com\/es\/wp-json\/wp\/v2\/media?parent=31"}],"curies":[{"name":"wp","href":"https:\/\/api.w.org\/{rel}","templated":true}]}}